{"id":1020,"date":"2025-06-18T12:51:36","date_gmt":"2025-06-18T10:51:36","guid":{"rendered":"https:\/\/inerpro.es\/blog\/"},"modified":"2025-09-19T14:03:55","modified_gmt":"2025-09-19T12:03:55","slug":"blog","status":"publish","type":"page","link":"https:\/\/inerpro.es\/ca\/blog\/","title":{"rendered":"Blog"},"content":{"rendered":"<p>[et_pb_section fb_built=&#8221;1&#8243; custom_padding_last_edited=&#8221;on|phone&#8221; _builder_version=&#8221;4.27.4&#8243; _module_preset=&#8221;default&#8221; background_image=&#8221;https:\/\/inerpro.es\/wp-content\/uploads\/inerpro-servicios-header-scaled.webp&#8221; custom_padding=&#8221;12em||0em||false|false&#8221; custom_padding_tablet=&#8221;12em||0em||false|false&#8221; custom_padding_phone=&#8221;8em||||false|false&#8221; global_colors_info=&#8221;{}&#8221;][et_pb_row column_structure=&#8221;1_2,1_2&#8243; _builder_version=&#8221;4.27.4&#8243; _module_preset=&#8221;default&#8221; width=&#8221;90%&#8221; global_colors_info=&#8221;{}&#8221;][et_pb_column type=&#8221;1_2&#8243; _builder_version=&#8221;4.27.4&#8243; _module_preset=&#8221;default&#8221; global_colors_info=&#8221;{}&#8221;][et_pb_blog fullwidth=&#8221;off&#8221; posts_number=&#8221;1&#8243; show_thumbnail=&#8221;off&#8221; show_more=&#8221;on&#8221; show_author=&#8221;off&#8221; show_date=&#8221;off&#8221; show_categories=&#8221;off&#8221; show_pagination=&#8221;off&#8221; masonry_tile_background_color=&#8221;RGBA(255,255,255,0)&#8221; _builder_version=&#8221;4.27.4&#8243; _module_preset=&#8221;default&#8221; header_level=&#8221;h1&#8243; header_font=&#8221;||||||||&#8221; header_text_color=&#8221;#FFFFFF&#8221; header_font_size=&#8221;40px&#8221; body_text_color=&#8221;#FFFFFF&#8221; read_more_font=&#8221;|||on|||||&#8221; read_more_text_color=&#8221;#FFFFFF&#8221; header_font_size_tablet=&#8221;35px&#8221; header_font_size_phone=&#8221;30px&#8221; header_font_size_last_edited=&#8221;on|phone&#8221; custom_css_free_form=&#8221;selector h1{||  border-left:3px solid #1a887a;||  padding-bottom:0px;||  padding-left:0.4em;||}||selector article{||  border:none !important;||}&#8221; custom_css_title=&#8221;margin-bottom:0.5em;&#8221; custom_css_read_more=&#8221;width:fit-content;||background-color:#1a887a;||padding:0.5em 1em;||margin-top:1.5em;||display:block;&#8221; global_colors_info=&#8221;{}&#8221;][\/et_pb_blog][\/et_pb_column][et_pb_column type=&#8221;1_2&#8243; _builder_version=&#8221;4.27.4&#8243; _module_preset=&#8221;default&#8221; global_colors_info=&#8221;{}&#8221;][et_pb_blog posts_number=&#8221;1&#8243; use_manual_excerpt=&#8221;off&#8221; show_author=&#8221;off&#8221; show_date=&#8221;off&#8221; show_categories=&#8221;off&#8221; show_excerpt=&#8221;off&#8221; show_pagination=&#8221;off&#8221; _builder_version=&#8221;4.27.4&#8243; _module_preset=&#8221;default&#8221; max_width=&#8221;420px&#8221; max_width_tablet=&#8221;90%&#8221; max_width_phone=&#8221;90%&#8221; max_width_last_edited=&#8221;on|phone&#8221; module_alignment=&#8221;right&#8221; module_alignment_tablet=&#8221;center&#8221; module_alignment_phone=&#8221;center&#8221; module_alignment_last_edited=&#8221;on|tablet&#8221; custom_css_title=&#8221;display:none;&#8221; custom_css_content=&#8221;display:none;&#8221; custom_css_post_meta=&#8221;display:none;&#8221; custom_css_read_more=&#8221;display:none;&#8221; global_colors_info=&#8221;{}&#8221;][\/et_pb_blog][\/et_pb_column][\/et_pb_row][\/et_pb_section][et_pb_section fb_built=&#8221;1&#8243; _builder_version=&#8221;4.27.4&#8243; _module_preset=&#8221;default&#8221; background_enable_image=&#8221;off&#8221; background_size=&#8221;contain&#8221; background_position=&#8221;center_right&#8221; custom_padding=&#8221;0em||0em||true|false&#8221; global_colors_info=&#8221;{}&#8221;][et_pb_row _builder_version=&#8221;4.27.4&#8243; _module_preset=&#8221;default&#8221; width=&#8221;90%&#8221; module_alignment=&#8221;center&#8221; custom_padding=&#8221;3em||0em||false|false&#8221; global_colors_info=&#8221;{}&#8221;][et_pb_column type=&#8221;4_4&#8243; _builder_version=&#8221;4.27.4&#8243; _module_preset=&#8221;default&#8221; global_colors_info=&#8221;{}&#8221;][et_pb_blog fullwidth=&#8221;off&#8221; posts_number=&#8221;6&#8243; show_more=&#8221;on&#8221; show_author=&#8221;off&#8221; show_date=&#8221;off&#8221; show_categories=&#8221;off&#8221; show_excerpt=&#8221;off&#8221; show_pagination=&#8221;off&#8221; offset_number=&#8221;1&#8243; _builder_version=&#8221;4.27.4&#8243; _module_preset=&#8221;default&#8221; header_font=&#8221;|600|||||||&#8221; header_text_color=&#8221;#000000&#8243; read_more_font=&#8221;|||on|||||&#8221; read_more_text_color=&#8221;#FFFFFF&#8221; custom_css_free_form=&#8221;selector img{||  margin:0px !important;||  padding:0px !important;||}||selector article{||  border:none !important;||}||selector .et_pb_image_container{||  margin:0px;||}&#8221; custom_css_title=&#8221;margin-bottom:0.5em;&#8221; custom_css_read_more=&#8221;width:fit-content;||background-color:#1a887a;||padding:0.5em 1em;&#8221; global_colors_info=&#8221;{}&#8221; custom_css_title_last_edited=&#8221;on|phone&#8221; custom_css_title_phone=&#8221;margin-bottom:1.5em;&#8221; custom_css_title_tablet=&#8221;margin-bottom:0.5em;&#8221;][\/et_pb_blog][\/et_pb_column][\/et_pb_row][\/et_pb_section][et_pb_section fb_built=&#8221;1&#8243; _builder_version=&#8221;4.27.4&#8243; _module_preset=&#8221;default&#8221; background_image=&#8221;https:\/\/inerpro.es\/wp-content\/uploads\/inerpro-fondo-cta-objetivos-sostenibilidad.webp&#8221; background_position=&#8221;top_center&#8221; custom_padding=&#8221;0em||0em||true|false&#8221; hover_enabled=&#8221;0&#8243; global_colors_info=&#8221;{}&#8221; sticky_enabled=&#8221;0&#8243; title_text=&#8221;inerpro-fondo-cta-objetivos-sostenibilidad&#8221; locked=&#8221;off&#8221;][et_pb_row _builder_version=&#8221;4.27.4&#8243; _module_preset=&#8221;default&#8221; width=&#8221;90%&#8221; locked=&#8221;off&#8221; global_colors_info=&#8221;{}&#8221;][et_pb_column type=&#8221;4_4&#8243; _builder_version=&#8221;4.27.4&#8243; _module_preset=&#8221;default&#8221; global_colors_info=&#8221;{}&#8221;][et_pb_text _builder_version=&#8221;4.27.4&#8243; _module_preset=&#8221;default&#8221; header_text_color=&#8221;#FFFFFF&#8221; header_font_size=&#8221;40px&#8221; header_line_height=&#8221;1.4em&#8221; header_2_font=&#8221;Sorts Mill Goudy||||||||&#8221; header_2_text_align=&#8221;center&#8221; header_2_font_size=&#8221;35px&#8221; header_2_line_height=&#8221;1.4em&#8221; max_width=&#8221;700px&#8221; module_alignment=&#8221;center&#8221; custom_margin=&#8221;||1em||false|false&#8221; custom_padding=&#8221;|||1em|false|false&#8221; header_2_font_size_tablet=&#8221;30px&#8221; header_2_font_size_phone=&#8221;20px&#8221; header_2_font_size_last_edited=&#8221;on|tablet&#8221; custom_css_free_form=&#8221;selector strong{||  color:#1a887a;||}&#8221; global_colors_info=&#8221;{}&#8221;]<\/p>\n<h2><span style=\"color: #ffffff;\">Tens objectius de sostenibilitat, per\u00f2 no saps per on comen\u00e7ar?<\/span><\/h2>\n<p><\/p>\n<p style=\"text-align: center;\"><span style=\"color: #ffffff;\">Explica\u2019ns el teu repte i t\u2019ajudarem a convertir-lo en un pla viable, finan\u00e7at i executat amb \u00e8xit.<\/span><\/p>\n<p>[\/et_pb_text][et_pb_button button_url=&#8221;@ET-DC@eyJkeW5hbWljIjp0cnVlLCJjb250ZW50IjoicG9zdF9saW5rX3VybF9wYWdlIiwic2V0dGluZ3MiOnsicG9zdF9pZCI6Ijg0In19@&#8221; button_text=&#8221;Sol\u00b7licita el teu pla personalitzat&#8221; button_alignment=&#8221;center&#8221; _builder_version=&#8221;4.27.4&#8243; _dynamic_attributes=&#8221;button_url&#8221; _module_preset=&#8221;default&#8221; custom_margin=&#8221;30px||20px||false|false&#8221; locked=&#8221;off&#8221; global_colors_info=&#8221;{}&#8221;][\/et_pb_button][\/et_pb_column][\/et_pb_row][\/et_pb_section]<\/p>\n","protected":false},"excerpt":{"rendered":"<p>Tens objectius de sostenibilitat, per\u00f2 no saps per on comen\u00e7ar?Explica\u2019ns el teu repte i t\u2019ajudarem a convertir-lo en un pla viable, finan\u00e7at i executat amb \u00e8xit.<\/p>\n","protected":false},"author":1,"featured_media":0,"parent":0,"menu_order":0,"comment_status":"closed","ping_status":"closed","template":"","meta":{"_et_pb_use_builder":"on","_et_pb_old_content":"","_et_gb_content_width":"","inline_featured_image":false,"footnotes":""},"class_list":["post-1020","page","type-page","status-publish","hentry"],"yoast_head":"<!-- This site is optimized with the Yoast SEO plugin v27.4 - https:\/\/yoast.com\/product\/yoast-seo-wordpress\/ -->\n<title>Not\u00edcies sobre efici\u00e8ncia i descarbonitzaci\u00f3 | Inerpro<\/title>\n<meta name=\"description\" content=\"Descobreix consells, casos reals i novetats sobre efici\u00e8ncia energ\u00e8tica, petjada de carboni i sostenibilitat al blog d\u2019Inerpro.\" \/>\n<meta name=\"robots\" content=\"index, follow, max-snippet:-1, max-image-preview:large, max-video-preview:-1\" \/>\n<link rel=\"canonical\" href=\"https:\/\/inerpro.es\/ca\/blog\/\" \/>\n<meta property=\"og:locale\" content=\"ca_ES\" \/>\n<meta property=\"og:type\" content=\"article\" \/>\n<meta property=\"og:title\" content=\"Not\u00edcies sobre efici\u00e8ncia i descarbonitzaci\u00f3 | Inerpro\" \/>\n<meta property=\"og:description\" content=\"Descobreix consells, casos reals i novetats sobre efici\u00e8ncia energ\u00e8tica, petjada de carboni i sostenibilitat al blog d\u2019Inerpro.\" \/>\n<meta property=\"og:url\" content=\"https:\/\/inerpro.es\/ca\/blog\/\" \/>\n<meta property=\"og:site_name\" content=\"Inerpro\" \/>\n<meta property=\"article:modified_time\" content=\"2025-09-19T12:03:55+00:00\" \/>\n<meta name=\"twitter:card\" content=\"summary_large_image\" \/>\n<meta name=\"twitter:label1\" content=\"Temps estimat de lectura\" \/>\n\t<meta name=\"twitter:data1\" content=\"4 minuts\" \/>\n<script type=\"application\/ld+json\" class=\"yoast-schema-graph\">{\"@context\":\"https:\\\/\\\/schema.org\",\"@graph\":[{\"@type\":\"WebPage\",\"@id\":\"https:\\\/\\\/inerpro.es\\\/ca\\\/blog\\\/\",\"url\":\"https:\\\/\\\/inerpro.es\\\/ca\\\/blog\\\/\",\"name\":\"Not\u00edcies sobre efici\u00e8ncia i descarbonitzaci\u00f3 | Inerpro\",\"isPartOf\":{\"@id\":\"https:\\\/\\\/inerpro.es\\\/ca\\\/#website\"},\"datePublished\":\"2025-06-18T10:51:36+00:00\",\"dateModified\":\"2025-09-19T12:03:55+00:00\",\"description\":\"Descobreix consells, casos reals i novetats sobre efici\u00e8ncia energ\u00e8tica, petjada de carboni i sostenibilitat al blog d\u2019Inerpro.\",\"breadcrumb\":{\"@id\":\"https:\\\/\\\/inerpro.es\\\/ca\\\/blog\\\/#breadcrumb\"},\"inLanguage\":\"ca\",\"potentialAction\":[{\"@type\":\"ReadAction\",\"target\":[\"https:\\\/\\\/inerpro.es\\\/ca\\\/blog\\\/\"]}]},{\"@type\":\"BreadcrumbList\",\"@id\":\"https:\\\/\\\/inerpro.es\\\/ca\\\/blog\\\/#breadcrumb\",\"itemListElement\":[{\"@type\":\"ListItem\",\"position\":1,\"name\":\"Portada\",\"item\":\"https:\\\/\\\/inerpro.es\\\/ca\\\/\"},{\"@type\":\"ListItem\",\"position\":2,\"name\":\"Blog\"}]},{\"@type\":\"WebSite\",\"@id\":\"https:\\\/\\\/inerpro.es\\\/ca\\\/#website\",\"url\":\"https:\\\/\\\/inerpro.es\\\/ca\\\/\",\"name\":\"Inerpro\",\"description\":\"\",\"potentialAction\":[{\"@type\":\"SearchAction\",\"target\":{\"@type\":\"EntryPoint\",\"urlTemplate\":\"https:\\\/\\\/inerpro.es\\\/ca\\\/?s={search_term_string}\"},\"query-input\":{\"@type\":\"PropertyValueSpecification\",\"valueRequired\":true,\"valueName\":\"search_term_string\"}}],\"inLanguage\":\"ca\"}]}<\/script>\n<!-- \/ Yoast SEO plugin. -->","yoast_head_json":{"title":"Not\u00edcies sobre efici\u00e8ncia i descarbonitzaci\u00f3 | Inerpro","description":"Descobreix consells, casos reals i novetats sobre efici\u00e8ncia energ\u00e8tica, petjada de carboni i sostenibilitat al blog d\u2019Inerpro.","robots":{"index":"index","follow":"follow","max-snippet":"max-snippet:-1","max-image-preview":"max-image-preview:large","max-video-preview":"max-video-preview:-1"},"canonical":"https:\/\/inerpro.es\/ca\/blog\/","og_locale":"ca_ES","og_type":"article","og_title":"Not\u00edcies sobre efici\u00e8ncia i descarbonitzaci\u00f3 | Inerpro","og_description":"Descobreix consells, casos reals i novetats sobre efici\u00e8ncia energ\u00e8tica, petjada de carboni i sostenibilitat al blog d\u2019Inerpro.","og_url":"https:\/\/inerpro.es\/ca\/blog\/","og_site_name":"Inerpro","article_modified_time":"2025-09-19T12:03:55+00:00","twitter_card":"summary_large_image","twitter_misc":{"Temps estimat de lectura":"4 minuts"},"schema":{"@context":"https:\/\/schema.org","@graph":[{"@type":"WebPage","@id":"https:\/\/inerpro.es\/ca\/blog\/","url":"https:\/\/inerpro.es\/ca\/blog\/","name":"Not\u00edcies sobre efici\u00e8ncia i descarbonitzaci\u00f3 | Inerpro","isPartOf":{"@id":"https:\/\/inerpro.es\/ca\/#website"},"datePublished":"2025-06-18T10:51:36+00:00","dateModified":"2025-09-19T12:03:55+00:00","description":"Descobreix consells, casos reals i novetats sobre efici\u00e8ncia energ\u00e8tica, petjada de carboni i sostenibilitat al blog d\u2019Inerpro.","breadcrumb":{"@id":"https:\/\/inerpro.es\/ca\/blog\/#breadcrumb"},"inLanguage":"ca","potentialAction":[{"@type":"ReadAction","target":["https:\/\/inerpro.es\/ca\/blog\/"]}]},{"@type":"BreadcrumbList","@id":"https:\/\/inerpro.es\/ca\/blog\/#breadcrumb","itemListElement":[{"@type":"ListItem","position":1,"name":"Portada","item":"https:\/\/inerpro.es\/ca\/"},{"@type":"ListItem","position":2,"name":"Blog"}]},{"@type":"WebSite","@id":"https:\/\/inerpro.es\/ca\/#website","url":"https:\/\/inerpro.es\/ca\/","name":"Inerpro","description":"","potentialAction":[{"@type":"SearchAction","target":{"@type":"EntryPoint","urlTemplate":"https:\/\/inerpro.es\/ca\/?s={search_term_string}"},"query-input":{"@type":"PropertyValueSpecification","valueRequired":true,"valueName":"search_term_string"}}],"inLanguage":"ca"}]}},"_links":{"self":[{"href":"https:\/\/inerpro.es\/ca\/wp-json\/wp\/v2\/pages\/1020","targetHints":{"allow":["GET"]}}],"collection":[{"href":"https:\/\/inerpro.es\/ca\/wp-json\/wp\/v2\/pages"}],"about":[{"href":"https:\/\/inerpro.es\/ca\/wp-json\/wp\/v2\/types\/page"}],"author":[{"embeddable":true,"href":"https:\/\/inerpro.es\/ca\/wp-json\/wp\/v2\/users\/1"}],"replies":[{"embeddable":true,"href":"https:\/\/inerpro.es\/ca\/wp-json\/wp\/v2\/comments?post=1020"}],"version-history":[{"count":2,"href":"https:\/\/inerpro.es\/ca\/wp-json\/wp\/v2\/pages\/1020\/revisions"}],"predecessor-version":[{"id":1022,"href":"https:\/\/inerpro.es\/ca\/wp-json\/wp\/v2\/pages\/1020\/revisions\/1022"}],"wp:attachment":[{"href":"https:\/\/inerpro.es\/ca\/wp-json\/wp\/v2\/media?parent=1020"}],"curies":[{"name":"wp","href":"https:\/\/api.w.org\/{rel}","templated":true}]}}